{"id":15895,"date":"2024-03-11T11:59:17","date_gmt":"2024-03-11T11:59:17","guid":{"rendered":"https:\/\/congresodietamediterranea.com\/?page_id=15895"},"modified":"2024-03-11T12:10:54","modified_gmt":"2024-03-11T12:10:54","slug":"inici","status":"publish","type":"page","link":"https:\/\/congresodietamediterranea.com\/ca\/","title":{"rendered":"INICIO"},"content":{"rendered":"[vc_row type=&#8221;in_container&#8221; full_screen_row_position=&#8221;middle&#8221; scene_position=&#8221;center&#8221; text_color=&#8221;dark&#8221; text_align=&#8221;left&#8221; overlay_strength=&#8221;0.3&#8243; shape_divider_position=&#8221;bottom&#8221; bg_image_animation=&#8221;none&#8221;][vc_column column_padding=&#8221;no-extra-padding&#8221; column_padding_position=&#8221;all&#8221; background_color_opacity=&#8221;1&#8243; background_hover_color_opacity=&#8221;1&#8243; column_link_target=&#8221;_self&#8221; column_shadow=&#8221;none&#8221; column_border_radius=&#8221;none&#8221; width=&#8221;1\/1&#8243; tablet_width_inherit=&#8221;default&#8221; tablet_text_alignment=&#8221;default&#8221; phone_text_alignment=&#8221;default&#8221; column_border_width=&#8221;none&#8221; column_border_style=&#8221;solid&#8221; bg_image_animation=&#8221;none&#8221;]<div class=\"divider-wrap\" data-alignment=\"default\"><div style=\"height: 20px;\" class=\"divider\"><\/div><\/div>[\/vc_column][\/vc_row][vc_row type=&#8221;in_container&#8221; full_screen_row_position=&#8221;middle&#8221; scene_position=&#8221;center&#8221; text_color=&#8221;dark&#8221; text_align=&#8221;left&#8221; overlay_strength=&#8221;0.3&#8243; shape_divider_position=&#8221;bottom&#8221; bg_image_animation=&#8221;none&#8221;][vc_column column_padding=&#8221;no-extra-padding&#8221; column_padding_position=&#8221;all&#8221; background_color_opacity=&#8221;1&#8243; background_hover_color_opacity=&#8221;1&#8243; column_link_target=&#8221;_self&#8221; column_shadow=&#8221;none&#8221; column_border_radius=&#8221;none&#8221; width=&#8221;1\/1&#8243; tablet_width_inherit=&#8221;default&#8221; tablet_text_alignment=&#8221;default&#8221; phone_text_alignment=&#8221;default&#8221; column_border_width=&#8221;none&#8221; column_border_style=&#8221;solid&#8221; bg_image_animation=&#8221;none&#8221;][nectar_highlighted_text style=&#8221;full_text&#8221;]\n<h1 style=\"text-align: center;\">El futur de la Dieta Mediterr\u00e0nia i l&#8217;actualizaci\u00f3 de la seva pir\u00e0mide centraran el debat del XIV Congr\u00e9so Internacional Dieta Mediterr\u00e0nia<\/h1>\n[\/nectar_highlighted_text][\/vc_column][\/vc_row][vc_row type=&#8221;in_container&#8221; full_screen_row_position=&#8221;middle&#8221; scene_position=&#8221;center&#8221; text_color=&#8221;dark&#8221; text_align=&#8221;left&#8221; overlay_strength=&#8221;0.3&#8243; shape_divider_position=&#8221;bottom&#8221; bg_image_animation=&#8221;none&#8221;][vc_column column_padding=&#8221;no-extra-padding&#8221; column_padding_position=&#8221;all&#8221; background_color_opacity=&#8221;1&#8243; background_hover_color_opacity=&#8221;1&#8243; column_link_target=&#8221;_self&#8221; column_shadow=&#8221;none&#8221; column_border_radius=&#8221;none&#8221; width=&#8221;1\/3&#8243; tablet_width_inherit=&#8221;default&#8221; tablet_text_alignment=&#8221;default&#8221; phone_text_alignment=&#8221;default&#8221; column_border_width=&#8221;none&#8221; column_border_style=&#8221;solid&#8221; bg_image_animation=&#8221;none&#8221;]<div class=\"img-with-aniamtion-wrap center\" data-max-width=\"100%\" data-border-radius=\"none\"><div class=\"inner\"><img data-shadow=\"none\" data-shadow-direction=\"middle\" class=\"img-with-animation skip-lazy \" data-delay=\"0\" height=\"843\" width=\"1600\" style=\"margin-top: 25px; \" data-animation=\"fade-in\" src=\"https:\/\/congresodietamediterranea.com\/wp-content\/uploads\/2022\/04\/CONGRESO-2022.png\" srcset=\"https:\/\/congresodietamediterranea.com\/wp-content\/uploads\/2022\/04\/CONGRESO-2022.png 1600w, https:\/\/congresodietamediterranea.com\/wp-content\/uploads\/2022\/04\/CONGRESO-2022-300x158.png 300w, https:\/\/congresodietamediterranea.com\/wp-content\/uploads\/2022\/04\/CONGRESO-2022-1024x540.png 1024w, https:\/\/congresodietamediterranea.com\/wp-content\/uploads\/2022\/04\/CONGRESO-2022-768x405.png 768w, https:\/\/congresodietamediterranea.com\/wp-content\/uploads\/2022\/04\/CONGRESO-2022-1536x809.png 1536w, https:\/\/congresodietamediterranea.com\/wp-content\/uploads\/2022\/04\/CONGRESO-2022-600x316.png 600w\" sizes=\"100vw\" alt=\"\" \/><\/div><\/div>[\/vc_column][vc_column column_padding=&#8221;no-extra-padding&#8221; column_padding_position=&#8221;all&#8221; background_color_opacity=&#8221;1&#8243; background_hover_color_opacity=&#8221;1&#8243; column_link_target=&#8221;_self&#8221; column_shadow=&#8221;none&#8221; column_border_radius=&#8221;none&#8221; width=&#8221;1\/3&#8243; tablet_width_inherit=&#8221;default&#8221; tablet_text_alignment=&#8221;default&#8221; phone_text_alignment=&#8221;default&#8221; column_border_width=&#8221;none&#8221; column_border_style=&#8221;solid&#8221; bg_image_animation=&#8221;none&#8221;]<div class=\"img-with-aniamtion-wrap center\" data-max-width=\"100%\" data-border-radius=\"none\"><div class=\"inner\"><img data-shadow=\"none\" data-shadow-direction=\"middle\" class=\"img-with-animation skip-lazy \" data-delay=\"0\" height=\"1064\" width=\"1600\"  data-animation=\"fade-in\" src=\"https:\/\/congresodietamediterranea.com\/wp-content\/uploads\/2022\/04\/CONGRESO-DM-2022-2.jpg\" srcset=\"https:\/\/congresodietamediterranea.com\/wp-content\/uploads\/2022\/04\/CONGRESO-DM-2022-2.jpg 1600w, https:\/\/congresodietamediterranea.com\/wp-content\/uploads\/2022\/04\/CONGRESO-DM-2022-2-300x200.jpg 300w, https:\/\/congresodietamediterranea.com\/wp-content\/uploads\/2022\/04\/CONGRESO-DM-2022-2-1024x681.jpg 1024w, https:\/\/congresodietamediterranea.com\/wp-content\/uploads\/2022\/04\/CONGRESO-DM-2022-2-768x511.jpg 768w, https:\/\/congresodietamediterranea.com\/wp-content\/uploads\/2022\/04\/CONGRESO-DM-2022-2-1536x1021.jpg 1536w, https:\/\/congresodietamediterranea.com\/wp-content\/uploads\/2022\/04\/CONGRESO-DM-2022-2-900x600.jpg 900w, https:\/\/congresodietamediterranea.com\/wp-content\/uploads\/2022\/04\/CONGRESO-DM-2022-2-600x399.jpg 600w\" sizes=\"100vw\" alt=\"\" \/><\/div><\/div>[\/vc_column][vc_column column_padding=&#8221;no-extra-padding&#8221; column_padding_position=&#8221;all&#8221; background_color_opacity=&#8221;1&#8243; background_hover_color_opacity=&#8221;1&#8243; column_link_target=&#8221;_self&#8221; column_shadow=&#8221;none&#8221; column_border_radius=&#8221;none&#8221; width=&#8221;1\/3&#8243; tablet_width_inherit=&#8221;default&#8221; tablet_text_alignment=&#8221;default&#8221; phone_text_alignment=&#8221;default&#8221; column_border_width=&#8221;none&#8221; column_border_style=&#8221;solid&#8221; bg_image_animation=&#8221;none&#8221;]<div class=\"img-with-aniamtion-wrap center\" data-max-width=\"100%\" data-border-radius=\"none\"><div class=\"inner\"><img data-shadow=\"none\" data-shadow-direction=\"middle\" class=\"img-with-animation skip-lazy \" data-delay=\"0\" height=\"392\" width=\"681\" style=\"margin-top: 25px; \" data-animation=\"fade-in\" src=\"https:\/\/congresodietamediterranea.com\/wp-content\/uploads\/2022\/04\/CONGRESO-DM-2022-1.png\" srcset=\"https:\/\/congresodietamediterranea.com\/wp-content\/uploads\/2022\/04\/CONGRESO-DM-2022-1.png 681w, https:\/\/congresodietamediterranea.com\/wp-content\/uploads\/2022\/04\/CONGRESO-DM-2022-1-300x173.png 300w, https:\/\/congresodietamediterranea.com\/wp-content\/uploads\/2022\/04\/CONGRESO-DM-2022-1-600x345.png 600w\" sizes=\"100vw\" alt=\"\" \/><\/div><\/div>[\/vc_column][\/vc_row][vc_row type=&#8221;in_container&#8221; full_screen_row_position=&#8221;middle&#8221; scene_position=&#8221;center&#8221; text_color=&#8221;dark&#8221; text_align=&#8221;left&#8221; overlay_strength=&#8221;0.3&#8243; shape_divider_position=&#8221;bottom&#8221; bg_image_animation=&#8221;none&#8221;][vc_column column_padding=&#8221;no-extra-padding&#8221; column_padding_position=&#8221;all&#8221; background_color_opacity=&#8221;1&#8243; background_hover_color_opacity=&#8221;1&#8243; column_link_target=&#8221;_self&#8221; column_shadow=&#8221;none&#8221; column_border_radius=&#8221;none&#8221; width=&#8221;1\/2&#8243; tablet_width_inherit=&#8221;default&#8221; tablet_text_alignment=&#8221;default&#8221; phone_text_alignment=&#8221;default&#8221; column_border_width=&#8221;none&#8221; column_border_style=&#8221;solid&#8221; bg_image_animation=&#8221;none&#8221;][nectar_highlighted_text style=&#8221;full_text&#8221;]\n<ul>\n<li style=\"text-align: left;\"><strong>Barcelona acollir\u00e0 el Congr\u00e9s els dies 20 i 21 de mar\u00e7, dins el marc <\/strong><strong>del sal\u00f3 profesional Alimentaria 2024<\/strong><\/li>\n<\/ul>\n[\/nectar_highlighted_text][\/vc_column][vc_column column_padding=&#8221;no-extra-padding&#8221; column_padding_position=&#8221;all&#8221; background_color_opacity=&#8221;1&#8243; background_hover_color_opacity=&#8221;1&#8243; column_link_target=&#8221;_self&#8221; column_shadow=&#8221;none&#8221; column_border_radius=&#8221;none&#8221; width=&#8221;1\/2&#8243; tablet_width_inherit=&#8221;default&#8221; tablet_text_alignment=&#8221;default&#8221; phone_text_alignment=&#8221;default&#8221; column_border_width=&#8221;none&#8221; column_border_style=&#8221;solid&#8221; bg_image_animation=&#8221;none&#8221;][nectar_highlighted_text style=&#8221;full_text&#8221;]\n<ul>\n<li style=\"text-align: left;\"><strong>El Dr. Walter Willett, autoritat mundial en alimentaci\u00f3 i salut p\u00fablica, <\/strong><strong>abordar\u00e0 els problemes m\u00e9s urgents para un sistema alimentari <\/strong><strong>saludable i sostenible<\/strong><\/li>\n<\/ul>\n[\/nectar_highlighted_text][\/vc_column][\/vc_row][vc_row type=&#8221;in_container&#8221; full_screen_row_position=&#8221;middle&#8221; equal_height=&#8221;yes&#8221; content_placement=&#8221;middle&#8221; scene_position=&#8221;center&#8221; text_color=&#8221;custom&#8221; custom_text_color=&#8221;#000000&#8243; text_align=&#8221;center&#8221; top_padding=&#8221;50&#8243; bottom_padding=&#8221;50&#8243; overlay_strength=&#8221;0.3&#8243; shape_divider_position=&#8221;bottom&#8221; bg_image_animation=&#8221;none&#8221; bottom_decoration=&#8221;triangle&#8221; overlay_colour=&#8221;#2b7372&#8243; shape_type=&#8221;&#8221;][vc_column column_padding=&#8221;padding-5-percent&#8221; column_padding_position=&#8221;all&#8221; background_color_opacity=&#8221;1&#8243; background_hover_color_opacity=&#8221;1&#8243; column_link_target=&#8221;_self&#8221; column_shadow=&#8221;none&#8221; column_border_radius=&#8221;none&#8221; width=&#8221;1\/3&#8243; tablet_width_inherit=&#8221;default&#8221; tablet_text_alignment=&#8221;default&#8221; phone_text_alignment=&#8221;default&#8221; column_border_width=&#8221;none&#8221; column_border_style=&#8221;solid&#8221; bg_image_animation=&#8221;none&#8221;][nectar_icon icon_family=&#8221;fontawesome&#8221; icon_style=&#8221;border-animation&#8221; icon_border_thickness=&#8221;1px&#8221; icon_color=&#8221;black&#8221; icon_padding=&#8221;20px&#8221; icon_size=&#8221;24&#8243; url=&#8221;https:\/\/congresodietamediterranea.com\/programacongreso\/&#8221; icon_fontawesome=&#8221;fa fa-calendar&#8221;][vc_column_text]<span style=\"color: #000000;\"><a style=\"font-weight: bold; color: #000000;\" href=\"https:\/\/congresodietamediterranea.com\/programacongreso\/\">Consulta el programa del XIV Congr\u00e9s Dieta Mediterr\u00e0nia<\/a><\/span>[\/vc_column_text][\/vc_column][vc_column column_padding=&#8221;padding-5-percent&#8221; column_padding_position=&#8221;all&#8221; background_color_opacity=&#8221;1&#8243; background_hover_color_opacity=&#8221;1&#8243; column_link_target=&#8221;_self&#8221; column_shadow=&#8221;none&#8221; column_border_radius=&#8221;none&#8221; width=&#8221;1\/3&#8243; tablet_width_inherit=&#8221;default&#8221; tablet_text_alignment=&#8221;default&#8221; phone_text_alignment=&#8221;default&#8221; column_border_width=&#8221;none&#8221; column_border_style=&#8221;solid&#8221; bg_image_animation=&#8221;none&#8221;][nectar_icon icon_family=&#8221;fontawesome&#8221; icon_style=&#8221;border-animation&#8221; icon_border_thickness=&#8221;1px&#8221; icon_color=&#8221;black&#8221; icon_padding=&#8221;20px&#8221; icon_fontawesome=&#8221;fa fa-file-text-o&#8221; icon_size=&#8221;24&#8243; url=&#8221;https:\/\/congresodietamediterranea.com\/comunicaciones-edicion-2024\/&#8221;][vc_column_text]<span style=\"color: #000000;\"><a style=\"font-weight: bold; color: #000000;\" href=\"https:\/\/congresodietamediterranea.com\/comunicaciones-edicion-2024\/\">Participa en les Comunicacions del XIV Congr\u00e9s Internacional sobre Dieta Mediterr\u00e0nia<\/a><\/span>[\/vc_column_text][\/vc_column][vc_column column_padding=&#8221;padding-5-percent&#8221; column_padding_position=&#8221;all&#8221; background_color_opacity=&#8221;1&#8243; background_hover_color_opacity=&#8221;1&#8243; column_link_target=&#8221;_self&#8221; column_shadow=&#8221;none&#8221; column_border_radius=&#8221;none&#8221; width=&#8221;1\/3&#8243; tablet_width_inherit=&#8221;default&#8221; tablet_text_alignment=&#8221;default&#8221; phone_text_alignment=&#8221;default&#8221; column_border_width=&#8221;none&#8221; column_border_style=&#8221;solid&#8221; bg_image_animation=&#8221;none&#8221;][nectar_icon icon_family=&#8221;fontawesome&#8221; icon_style=&#8221;border-animation&#8221; icon_border_thickness=&#8221;1px&#8221; icon_color=&#8221;black&#8221; icon_padding=&#8221;20px&#8221; icon_fontawesome=&#8221;fa fa-address-card-o&#8221; icon_size=&#8221;24&#8243; url=&#8221;https:\/\/congresodietamediterranea.com\/tienda\/&#8221;][vc_column_text]<span style=\"color: #000000;\"><a style=\"font-weight: bold; color: #000000;\" href=\"https:\/\/congresodietamediterranea.com\/tienda\/\">Aconsegueix la teva acreditaci\u00f3 para el XIV Congr\u00e9s Internacional sobre Dieta Mediterr\u00e0nia<\/a><\/span>[\/vc_column_text][\/vc_column][\/vc_row]\n","protected":false},"excerpt":{"rendered":"<p>[vc_row type=&#8221;in_container&#8221; full_screen_row_position=&#8221;middle&#8221; scene_position=&#8221;center&#8221; text_color=&#8221;dark&#8221; text_align=&#8221;left&#8221; overlay_strength=&#8221;0.3&#8243; shape_divider_position=&#8221;bottom&#8221; bg_image_animation=&#8221;none&#8221;][vc_column column_padding=&#8221;no-extra-padding&#8221; column_padding_position=&#8221;all&#8221; background_color_opacity=&#8221;1&#8243; background_hover_color_opacity=&#8221;1&#8243; column_link_target=&#8221;_self&#8221; column_shadow=&#8221;none&#8221; column_border_radius=&#8221;none&#8221; width=&#8221;1\/1&#8243; tablet_width_inherit=&#8221;default&#8221; tablet_text_alignment=&#8221;default&#8221; phone_text_alignment=&#8221;default&#8221; column_border_width=&#8221;none&#8221; column_border_style=&#8221;solid&#8221; bg_image_animation=&#8221;none&#8221;][\/vc_column][\/vc_row][vc_row type=&#8221;in_container&#8221; full_screen_row_position=&#8221;middle&#8221; scene_position=&#8221;center&#8221; text_color=&#8221;dark&#8221; text_align=&#8221;left&#8221; overlay_strength=&#8221;0.3&#8243; shape_divider_position=&#8221;bottom&#8221;&#8230;<\/p>\n","protected":false},"author":9192195,"featured_media":0,"parent":0,"menu_order":0,"comment_status":"closed","ping_status":"closed","template":"","meta":[],"_links":{"self":[{"href":"https:\/\/congresodietamediterranea.com\/ca\/wp-json\/wp\/v2\/pages\/15895\/"}],"collection":[{"href":"https:\/\/congresodietamediterranea.com\/ca\/wp-json\/wp\/v2\/pages\/"}],"about":[{"href":"https:\/\/congresodietamediterranea.com\/ca\/wp-json\/wp\/v2\/types\/page\/"}],"author":[{"embeddable":true,"href":"https:\/\/congresodietamediterranea.com\/ca\/wp-json\/wp\/v2\/users\/9192195\/"}],"replies":[{"embeddable":true,"href":"https:\/\/congresodietamediterranea.com\/ca\/wp-json\/wp\/v2\/comments\/?post=15895"}],"version-history":[{"count":7,"href":"https:\/\/congresodietamediterranea.com\/ca\/wp-json\/wp\/v2\/pages\/15895\/revisions\/"}],"predecessor-version":[{"id":15933,"href":"https:\/\/congresodietamediterranea.com\/ca\/wp-json\/wp\/v2\/pages\/15895\/revisions\/15933\/"}],"wp:attachment":[{"href":"https:\/\/congresodietamediterranea.com\/ca\/wp-json\/wp\/v2\/media\/?parent=15895"}],"curies":[{"name":"wp","href":"https:\/\/api.w.org\/{rel}","templated":true}]}}