{"id":16320,"date":"2022-03-01T09:45:18","date_gmt":"2022-03-01T09:45:18","guid":{"rendered":"https:\/\/congresodietamediterranea.com\/comite-organizador\/"},"modified":"2024-03-14T21:35:58","modified_gmt":"2024-03-14T21:35:58","slug":"comite-organitzador","status":"publish","type":"page","link":"https:\/\/congresodietamediterranea.com\/ca\/comite-organitzador\/","title":{"rendered":"Comit\u00e8 Organitzador"},"content":{"rendered":"[vc_row type=&#8221;full_width_background&#8221; full_screen_row_position=&#8221;middle&#8221; scene_position=&#8221;center&#8221; text_color=&#8221;dark&#8221; text_align=&#8221;center&#8221; top_padding=&#8221;50&#8243; bottom_padding=&#8221;100&#8243; overlay_strength=&#8221;0.3&#8243; shape_divider_position=&#8221;bottom&#8221; bg_image_animation=&#8221;none&#8221; title_weight=&#8221;hairline&#8221; top_decoration=&#8221;triangle-inverted&#8221; bottom_decoration=&#8221;triangle-inverted&#8221; width=&#8221;no-padded&#8221; overlay_colour=&#8221;#5d82ef&#8221; background_image_attachment=&#8221;fixed&#8221; shape_type=&#8221;&#8221;][vc_column column_padding=&#8221;no-extra-padding&#8221; column_padding_position=&#8221;all&#8221; background_color_opacity=&#8221;1&#8243; background_hover_color_opacity=&#8221;1&#8243; column_link_target=&#8221;_self&#8221; column_shadow=&#8221;none&#8221; column_border_radius=&#8221;none&#8221; width=&#8221;1\/1&#8243; tablet_width_inherit=&#8221;default&#8221; tablet_text_alignment=&#8221;default&#8221; phone_text_alignment=&#8221;default&#8221; column_border_width=&#8221;none&#8221; column_border_style=&#8221;solid&#8221; bg_image_animation=&#8221;none&#8221;]<div class=\"img-with-aniamtion-wrap center\" data-max-width=\"100%\" data-border-radius=\"none\"><div class=\"inner\"><a href=\"https:\/\/dietamediterranea.com\/\" target=\"_blank\" class=\"center\"><img data-shadow=\"none\" data-shadow-direction=\"middle\" class=\"img-with-animation skip-lazy \" data-delay=\"0\" height=\"179\" width=\"1360\"  data-animation=\"fade-in\" src=\"https:\/\/congresodietamediterranea.com\/wp-content\/uploads\/2022\/03\/Logo-apaisado.png\" srcset=\"https:\/\/congresodietamediterranea.com\/wp-content\/uploads\/2022\/03\/Logo-apaisado.png 1360w, https:\/\/congresodietamediterranea.com\/wp-content\/uploads\/2022\/03\/Logo-apaisado-300x39.png 300w, https:\/\/congresodietamediterranea.com\/wp-content\/uploads\/2022\/03\/Logo-apaisado-1024x135.png 1024w, https:\/\/congresodietamediterranea.com\/wp-content\/uploads\/2022\/03\/Logo-apaisado-768x101.png 768w, https:\/\/congresodietamediterranea.com\/wp-content\/uploads\/2022\/03\/Logo-apaisado-600x79.png 600w\" sizes=\"100vw\" alt=\"\" \/><\/a><\/div><\/div>[\/vc_column][\/vc_row][vc_row type=&#8221;in_container&#8221; full_screen_row_position=&#8221;middle&#8221; scene_position=&#8221;center&#8221; text_color=&#8221;dark&#8221; text_align=&#8221;left&#8221; overlay_strength=&#8221;0.3&#8243; shape_divider_position=&#8221;bottom&#8221; bg_image_animation=&#8221;none&#8221;][vc_column column_padding=&#8221;no-extra-padding&#8221; column_padding_position=&#8221;all&#8221; background_color_opacity=&#8221;1&#8243; background_hover_color_opacity=&#8221;1&#8243; column_link_target=&#8221;_self&#8221; column_shadow=&#8221;none&#8221; column_border_radius=&#8221;none&#8221; width=&#8221;1\/1&#8243; tablet_width_inherit=&#8221;default&#8221; tablet_text_alignment=&#8221;default&#8221; phone_text_alignment=&#8221;default&#8221; column_border_width=&#8221;none&#8221; column_border_style=&#8221;solid&#8221; bg_image_animation=&#8221;none&#8221;][nectar_highlighted_text style=&#8221;full_text&#8221;]\n<h2 style=\"text-align: center;\"><strong>El XIV Congr\u00e9s Internacional sobre Dieta Mediterr\u00e0nia est\u00e0 organitzat per la Fundaci\u00f3 Dieta Mediterr\u00e0nia<\/strong><\/h2>\n[\/nectar_highlighted_text][\/vc_column][\/vc_row][vc_row type=&#8221;in_container&#8221; full_screen_row_position=&#8221;middle&#8221; scene_position=&#8221;center&#8221; text_color=&#8221;dark&#8221; text_align=&#8221;left&#8221; overlay_strength=&#8221;0.3&#8243; shape_divider_position=&#8221;bottom&#8221; bg_image_animation=&#8221;none&#8221;][vc_column column_padding=&#8221;no-extra-padding&#8221; column_padding_position=&#8221;all&#8221; background_color_opacity=&#8221;1&#8243; background_hover_color_opacity=&#8221;1&#8243; column_link_target=&#8221;_self&#8221; column_shadow=&#8221;none&#8221; column_border_radius=&#8221;none&#8221; width=&#8221;1\/1&#8243; tablet_width_inherit=&#8221;default&#8221; tablet_text_alignment=&#8221;default&#8221; phone_text_alignment=&#8221;default&#8221; column_border_width=&#8221;none&#8221; column_border_style=&#8221;solid&#8221; bg_image_animation=&#8221;none&#8221;]<div class=\"divider-wrap\" data-alignment=\"default\"><div style=\"margin-top: 12px; height: 1px; margin-bottom: 12px;\" data-width=\"100%\" data-animate=\"\" data-animation-delay=\"\" data-color=\"default\" class=\"divider-border\"><\/div><\/div>[vc_column_text]\n<p style=\"text-align: center;\">La Fundaci\u00f3 Dieta Mediterr\u00e0nia va ser creada el 1996 per l&#8217; Associaci\u00f3 per al Desenvolupament de la Dieta Mediterr\u00e0nia per real\u00e7ar el valor fonamental que representa la Dieta Mediterr\u00e0nia i els seus productes per a l&#8217; alimentaci\u00f3 espanyola i la seva ind\u00fastria.<\/p>\n<p style=\"text-align: center;\">Fomenta i defensa els valors de la Dieta Mediterr\u00e0nia, els seus productes, l&#8217; estil de vida saludable que representa, que \u00e9s alhora socialment viable i respectu\u00f3s amb el medi ambient.<\/p>\n<p style=\"text-align: center;\">La Fundaci\u00f3 col\u00b7labora amb altres institucions, centres de recerca, universitats, empreses, productors, i entitats tant de l&#8217;\u00e0mbit nacional com internacional<\/p>\n[\/vc_column_text][\/vc_column][\/vc_row][vc_row type=&#8221;in_container&#8221; full_screen_row_position=&#8221;middle&#8221; scene_position=&#8221;center&#8221; text_color=&#8221;dark&#8221; text_align=&#8221;left&#8221; overlay_strength=&#8221;0.3&#8243; shape_divider_position=&#8221;bottom&#8221; bg_image_animation=&#8221;none&#8221;][vc_column column_padding=&#8221;no-extra-padding&#8221; column_padding_position=&#8221;all&#8221; background_color_opacity=&#8221;1&#8243; background_hover_color_opacity=&#8221;1&#8243; column_link_target=&#8221;_self&#8221; column_shadow=&#8221;none&#8221; column_border_radius=&#8221;none&#8221; width=&#8221;1\/1&#8243; tablet_width_inherit=&#8221;default&#8221; tablet_text_alignment=&#8221;default&#8221; phone_text_alignment=&#8221;default&#8221; column_border_width=&#8221;none&#8221; column_border_style=&#8221;solid&#8221; bg_image_animation=&#8221;none&#8221;]<div class=\"divider-wrap\" data-alignment=\"default\"><div style=\"margin-top: 12px; height: 1px; margin-bottom: 12px;\" data-width=\"100%\" data-animate=\"\" data-animation-delay=\"\" data-color=\"default\" class=\"divider-border\"><\/div><\/div>[\/vc_column][\/vc_row][vc_row type=&#8221;in_container&#8221; full_screen_row_position=&#8221;middle&#8221; scene_position=&#8221;center&#8221; text_color=&#8221;dark&#8221; text_align=&#8221;left&#8221; overlay_strength=&#8221;0.3&#8243; shape_divider_position=&#8221;bottom&#8221; bg_image_animation=&#8221;none&#8221;][vc_column column_padding=&#8221;no-extra-padding&#8221; column_padding_position=&#8221;all&#8221; background_color_opacity=&#8221;1&#8243; background_hover_color_opacity=&#8221;1&#8243; column_link_target=&#8221;_self&#8221; column_shadow=&#8221;none&#8221; column_border_radius=&#8221;none&#8221; width=&#8221;1\/1&#8243; tablet_width_inherit=&#8221;default&#8221; tablet_text_alignment=&#8221;default&#8221; phone_text_alignment=&#8221;default&#8221; column_border_width=&#8221;none&#8221; column_border_style=&#8221;solid&#8221; bg_image_animation=&#8221;none&#8221;][vc_column_text]\n<p style=\"text-align: center;\">M\u00e9s informaci\u00f3 disponible a <a href=\"https:\/\/dietamediterranea.com\/\" target=\"_blank\" rel=\"noopener\">dietamediterranea.com<\/a><\/p>\n[\/vc_column_text][\/vc_column][\/vc_row]\n","protected":false},"excerpt":{"rendered":"<p>[vc_row type=&#8221;full_width_background&#8221; full_screen_row_position=&#8221;middle&#8221; scene_position=&#8221;center&#8221; text_color=&#8221;dark&#8221; text_align=&#8221;center&#8221; top_padding=&#8221;50&#8243; bottom_padding=&#8221;100&#8243; overlay_strength=&#8221;0.3&#8243; shape_divider_position=&#8221;bottom&#8221; bg_image_animation=&#8221;none&#8221; title_weight=&#8221;hairline&#8221; top_decoration=&#8221;triangle-inverted&#8221; bottom_decoration=&#8221;triangle-inverted&#8221; width=&#8221;no-padded&#8221; overlay_colour=&#8221;#5d82ef&#8221; background_image_attachment=&#8221;fixed&#8221; shape_type=&#8221;&#8221;][vc_column column_padding=&#8221;no-extra-padding&#8221; column_padding_position=&#8221;all&#8221; background_color_opacity=&#8221;1&#8243; background_hover_color_opacity=&#8221;1&#8243; column_link_target=&#8221;_self&#8221; column_shadow=&#8221;none&#8221; column_border_radius=&#8221;none&#8221; width=&#8221;1\/1&#8243; tablet_width_inherit=&#8221;default&#8221; tablet_text_alignment=&#8221;default&#8221; phone_text_alignment=&#8221;default&#8221; column_border_width=&#8221;none&#8221;&#8230;<\/p>\n","protected":false},"author":9192195,"featured_media":0,"parent":0,"menu_order":0,"comment_status":"closed","ping_status":"closed","template":"","meta":[],"_links":{"self":[{"href":"https:\/\/congresodietamediterranea.com\/ca\/wp-json\/wp\/v2\/pages\/16320\/"}],"collection":[{"href":"https:\/\/congresodietamediterranea.com\/ca\/wp-json\/wp\/v2\/pages\/"}],"about":[{"href":"https:\/\/congresodietamediterranea.com\/ca\/wp-json\/wp\/v2\/types\/page\/"}],"author":[{"embeddable":true,"href":"https:\/\/congresodietamediterranea.com\/ca\/wp-json\/wp\/v2\/users\/9192195\/"}],"replies":[{"embeddable":true,"href":"https:\/\/congresodietamediterranea.com\/ca\/wp-json\/wp\/v2\/comments\/?post=16320"}],"version-history":[{"count":4,"href":"https:\/\/congresodietamediterranea.com\/ca\/wp-json\/wp\/v2\/pages\/16320\/revisions\/"}],"predecessor-version":[{"id":16323,"href":"https:\/\/congresodietamediterranea.com\/ca\/wp-json\/wp\/v2\/pages\/16320\/revisions\/16323\/"}],"wp:attachment":[{"href":"https:\/\/congresodietamediterranea.com\/ca\/wp-json\/wp\/v2\/media\/?parent=16320"}],"curies":[{"name":"wp","href":"https:\/\/api.w.org\/{rel}","templated":true}]}}