{"id":16328,"date":"2024-03-14T21:49:12","date_gmt":"2024-03-14T21:49:12","guid":{"rendered":"https:\/\/congresodietamediterranea.com\/?page_id=16328"},"modified":"2024-03-14T21:49:12","modified_gmt":"2024-03-14T21:49:12","slug":"president","status":"publish","type":"page","link":"https:\/\/congresodietamediterranea.com\/ca\/president\/","title":{"rendered":"President"},"content":{"rendered":"[vc_row type=&#8221;in_container&#8221; full_screen_row_position=&#8221;middle&#8221; scene_position=&#8221;center&#8221; text_color=&#8221;dark&#8221; text_align=&#8221;left&#8221; overlay_strength=&#8221;0.3&#8243; shape_divider_position=&#8221;bottom&#8221; bg_image_animation=&#8221;none&#8221;][vc_column column_padding=&#8221;no-extra-padding&#8221; column_padding_position=&#8221;all&#8221; background_color_opacity=&#8221;1&#8243; background_hover_color_opacity=&#8221;1&#8243; column_link_target=&#8221;_self&#8221; column_shadow=&#8221;none&#8221; column_border_radius=&#8221;none&#8221; width=&#8221;1\/1&#8243; tablet_width_inherit=&#8221;default&#8221; tablet_text_alignment=&#8221;default&#8221; phone_text_alignment=&#8221;default&#8221; column_border_width=&#8221;none&#8221; column_border_style=&#8221;solid&#8221; bg_image_animation=&#8221;none&#8221;]<div class=\"divider-wrap\" data-alignment=\"default\"><div style=\"height: 100px;\" class=\"divider\"><\/div><\/div>[\/vc_column][\/vc_row][vc_row type=&#8221;full_width_background&#8221; full_screen_row_position=&#8221;middle&#8221; scene_position=&#8221;center&#8221; text_color=&#8221;dark&#8221; text_align=&#8221;center&#8221; top_padding=&#8221;50&#8243; bottom_padding=&#8221;100&#8243; overlay_strength=&#8221;0.3&#8243; shape_divider_position=&#8221;bottom&#8221; bg_image_animation=&#8221;none&#8221; title_weight=&#8221;hairline&#8221; top_decoration=&#8221;triangle-inverted&#8221; bottom_decoration=&#8221;triangle-inverted&#8221; width=&#8221;no-padded&#8221; overlay_colour=&#8221;#5d82ef&#8221; background_image_attachment=&#8221;fixed&#8221; shape_type=&#8221;&#8221;][vc_column column_padding=&#8221;no-extra-padding&#8221; column_padding_position=&#8221;all&#8221; background_color_opacity=&#8221;1&#8243; background_hover_color_opacity=&#8221;1&#8243; column_link_target=&#8221;_self&#8221; column_shadow=&#8221;none&#8221; column_border_radius=&#8221;none&#8221; width=&#8221;1\/1&#8243; tablet_width_inherit=&#8221;default&#8221; tablet_text_alignment=&#8221;default&#8221; phone_text_alignment=&#8221;default&#8221; column_border_width=&#8221;none&#8221; column_border_style=&#8221;solid&#8221; bg_image_animation=&#8221;none&#8221;][vc_column_text]\n<div style=\"text-align: center;\">\n<p>El Dr. Ramon Estruch, <strong>president del <\/strong><a href=\"http:\/\/paralelo40.es\/\"><strong>Paral\u00b7lel 40 &#8211; Observatori de la Dieta Mediterr\u00e0nia<\/strong><\/a>, \u00e9s consultor s\u00e8nior al Servei de Medicina Interna de l&#8217;Hospital Cl\u00ednic de Barcelona i Professor Agregat de la Facultat de Medicina de la Universitat de Barcelona.<\/p>\n<p>&nbsp;<\/p>\n<p>Tamb\u00e9 \u00e9s membre del Comit\u00e8 Directiu del CIBER Fisiopatologia de l&#8217;Obesitat i la Nutrici\u00f3 (CIBERobn) de l&#8217;Institut de Salut Carlos III (Ministeri de Ci\u00e8ncia i Innovaci\u00f3, Govern d&#8217;Espanya), investigador principal del Grup de Risc Cardiovascular, Nutrici\u00f3 i Envelliment (Grup Consolidat de la Generalitat, 2017SGR1717) de l&#8217;\u00c0rea 2 Biopatologia i bioenginyeria respirat\u00f2ria, cardiovascular i renal,\u00a0 de l&#8217;IDIBAPS-CELLEX i membre del Comit\u00e8 Assessor de la European Foundation for Alcohol Research (ERAB) de la Uni\u00f3 Europea. En el marc del CIBERobn \u00e9s investigador principal del grup.<\/p>\n<p>&nbsp;<\/p>\n<p>&nbsp;<\/p>\n<\/div>\n[\/vc_column_text][\/vc_column][\/vc_row][vc_row type=&#8221;in_container&#8221; full_screen_row_position=&#8221;middle&#8221; scene_position=&#8221;center&#8221; text_color=&#8221;dark&#8221; text_align=&#8221;left&#8221; overlay_strength=&#8221;0.3&#8243; shape_divider_position=&#8221;bottom&#8221; bg_image_animation=&#8221;none&#8221;][vc_column column_padding=&#8221;no-extra-padding&#8221; column_padding_position=&#8221;all&#8221; background_color_opacity=&#8221;1&#8243; background_hover_color_opacity=&#8221;1&#8243; column_link_target=&#8221;_self&#8221; column_shadow=&#8221;none&#8221; column_border_radius=&#8221;none&#8221; width=&#8221;1\/1&#8243; tablet_width_inherit=&#8221;default&#8221; tablet_text_alignment=&#8221;default&#8221; phone_text_alignment=&#8221;default&#8221; column_border_width=&#8221;none&#8221; column_border_style=&#8221;solid&#8221; bg_image_animation=&#8221;none&#8221;]<div class=\"img-with-aniamtion-wrap \" data-max-width=\"100%\" data-border-radius=\"none\"><div class=\"inner\"><img data-shadow=\"none\" data-shadow-direction=\"middle\" class=\"img-with-animation skip-lazy \" data-delay=\"0\" height=\"1407\" width=\"2560\"  data-animation=\"fade-in\" src=\"https:\/\/congresodietamediterranea.com\/wp-content\/uploads\/2022\/02\/R.Estruch_2_Congreso2018-scaled.jpg\" srcset=\"https:\/\/congresodietamediterranea.com\/wp-content\/uploads\/2022\/02\/R.Estruch_2_Congreso2018-scaled.jpg 2560w, https:\/\/congresodietamediterranea.com\/wp-content\/uploads\/2022\/02\/R.Estruch_2_Congreso2018-300x165.jpg 300w, https:\/\/congresodietamediterranea.com\/wp-content\/uploads\/2022\/02\/R.Estruch_2_Congreso2018-1024x563.jpg 1024w, https:\/\/congresodietamediterranea.com\/wp-content\/uploads\/2022\/02\/R.Estruch_2_Congreso2018-768x422.jpg 768w, https:\/\/congresodietamediterranea.com\/wp-content\/uploads\/2022\/02\/R.Estruch_2_Congreso2018-1536x844.jpg 1536w, https:\/\/congresodietamediterranea.com\/wp-content\/uploads\/2022\/02\/R.Estruch_2_Congreso2018-2048x1126.jpg 2048w, https:\/\/congresodietamediterranea.com\/wp-content\/uploads\/2022\/02\/R.Estruch_2_Congreso2018-600x330.jpg 600w\" sizes=\"100vw\" alt=\"\" \/><\/div><\/div>[\/vc_column][\/vc_row][vc_row type=&#8221;in_container&#8221; full_screen_row_position=&#8221;middle&#8221; scene_position=&#8221;center&#8221; text_color=&#8221;dark&#8221; text_align=&#8221;left&#8221; overlay_strength=&#8221;0.3&#8243; shape_divider_position=&#8221;bottom&#8221; bg_image_animation=&#8221;none&#8221;][vc_column column_padding=&#8221;no-extra-padding&#8221; column_padding_position=&#8221;all&#8221; background_color_opacity=&#8221;1&#8243; background_hover_color_opacity=&#8221;1&#8243; column_link_target=&#8221;_self&#8221; column_shadow=&#8221;none&#8221; column_border_radius=&#8221;none&#8221; width=&#8221;1\/1&#8243; tablet_width_inherit=&#8221;default&#8221; tablet_text_alignment=&#8221;default&#8221; phone_text_alignment=&#8221;default&#8221; column_border_width=&#8221;none&#8221; column_border_style=&#8221;solid&#8221; bg_image_animation=&#8221;none&#8221;][vc_column_text]\n<p style=\"text-align: center;\">\u00c9s el coordinador de l&#8217;estudi PREDIMED, l&#8217;estudi multic\u00e8ntric d&#8217;intervenci\u00f3 en Dieta Mediterr\u00e0nia de m\u00e9s envergadura mai realitzat a M\u00f3n (7447 participants amb alt risc cardiovascular i seguiment mitj\u00e0 de 5 anys) i en el qual han participat grups de recerca de tot Espanya. A m\u00e9s, participa i col\u00b7labora en diversos assajos d&#8217;intervenci\u00f3 nutricional amb Dieta Mediterr\u00e0nia aleatoritzats multic\u00e8ntrics amb pacients amb risc de malaltia cardiovascular i c\u00e0ncer, com l&#8217;Estudi PREDIMED-Plus (6874 participants amb S\u00edndrome Metab\u00f2lica, seguiment de 6 anys), l&#8217;assaig d&#8217;intervenci\u00f3 aleatoritzat del programa SI (1200 adolescents, seguiment de 6 anys), l&#8217;estudi IMPACT (1.200 dones embarassades amb retard en el creixement intrauter\u00ed) ,\u00a0 i l&#8217;estudi de cohorts MEDCARS (14.000 treballadors de les f\u00e0briques SEAT).<\/p>\n<p style=\"text-align: center;\">Ha publicat m\u00e9s de 5 llibres, m\u00e9s de 50 cap\u00edtols de llibres i m\u00e9s de 630 articles originals en revistes d&#8217;alt impacte incloent The New England Journal of Medicine, JAMA, Lancet, Annals of Internal Medicine, Annals of Neurology i American Journal of Clinical Nutrition. Actualment mant\u00e9 relaci\u00f3 permanent amb m\u00fatiples universitats i equips com Columbia University a Nova York, Loma Linda University a Calif\u00f2rnia, Harvard School of Public Health a Massachusetts, Human Nutrition Research Centre a Tufts University (Massachusetts, USA), Universitat de Jefferson (Filad\u00e8lfia, EUA), Cl\u00ednica i Centre de Recerca Ernest Gallo (Universitat de Calif\u00f2rnia, San Francisco), Universitat d&#8217;Oulu (Oulu,\u00a0 Finl\u00e0ndia), Institut des Vaisseaux et du Sang (Par\u00eds), Facultat de Medicina i Odontologia del King&#8217;s College (Londres, Gran Bretanya), Mario Negri Sud (Santa Maria d&#8217;Imbaro, It\u00e0lia), CSIC, Centre d&#8217;Investigaci\u00f3 Cardiovascular, Hospital de la Santa Creu i Sant Pau a Barcelona, CNIC a Madrid, i centres PREDIMED i PREDIMED plus de tot Espanya.<\/p>\n[\/vc_column_text][\/vc_column][\/vc_row]\n","protected":false},"excerpt":{"rendered":"<p>[vc_row type=&#8221;in_container&#8221; full_screen_row_position=&#8221;middle&#8221; scene_position=&#8221;center&#8221; text_color=&#8221;dark&#8221; text_align=&#8221;left&#8221; overlay_strength=&#8221;0.3&#8243; shape_divider_position=&#8221;bottom&#8221; bg_image_animation=&#8221;none&#8221;][vc_column column_padding=&#8221;no-extra-padding&#8221; column_padding_position=&#8221;all&#8221; background_color_opacity=&#8221;1&#8243; background_hover_color_opacity=&#8221;1&#8243; column_link_target=&#8221;_self&#8221; column_shadow=&#8221;none&#8221; column_border_radius=&#8221;none&#8221; width=&#8221;1\/1&#8243; tablet_width_inherit=&#8221;default&#8221; tablet_text_alignment=&#8221;default&#8221; phone_text_alignment=&#8221;default&#8221; column_border_width=&#8221;none&#8221; column_border_style=&#8221;solid&#8221; bg_image_animation=&#8221;none&#8221;][\/vc_column][\/vc_row][vc_row type=&#8221;full_width_background&#8221; full_screen_row_position=&#8221;middle&#8221; scene_position=&#8221;center&#8221; text_color=&#8221;dark&#8221; text_align=&#8221;center&#8221; top_padding=&#8221;50&#8243; bottom_padding=&#8221;100&#8243;&#8230;<\/p>\n","protected":false},"author":2,"featured_media":0,"parent":0,"menu_order":0,"comment_status":"closed","ping_status":"closed","template":"","meta":[],"_links":{"self":[{"href":"https:\/\/congresodietamediterranea.com\/ca\/wp-json\/wp\/v2\/pages\/16328\/"}],"collection":[{"href":"https:\/\/congresodietamediterranea.com\/ca\/wp-json\/wp\/v2\/pages\/"}],"about":[{"href":"https:\/\/congresodietamediterranea.com\/ca\/wp-json\/wp\/v2\/types\/page\/"}],"author":[{"embeddable":true,"href":"https:\/\/congresodietamediterranea.com\/ca\/wp-json\/wp\/v2\/users\/2\/"}],"replies":[{"embeddable":true,"href":"https:\/\/congresodietamediterranea.com\/ca\/wp-json\/wp\/v2\/comments\/?post=16328"}],"version-history":[{"count":5,"href":"https:\/\/congresodietamediterranea.com\/ca\/wp-json\/wp\/v2\/pages\/16328\/revisions\/"}],"predecessor-version":[{"id":16340,"href":"https:\/\/congresodietamediterranea.com\/ca\/wp-json\/wp\/v2\/pages\/16328\/revisions\/16340\/"}],"wp:attachment":[{"href":"https:\/\/congresodietamediterranea.com\/ca\/wp-json\/wp\/v2\/media\/?parent=16328"}],"curies":[{"name":"wp","href":"https:\/\/api.w.org\/{rel}","templated":true}]}}