{"id":16333,"date":"2022-03-01T09:47:12","date_gmt":"2022-03-01T09:47:12","guid":{"rendered":"https:\/\/congresodietamediterranea.com\/comite-cientifico\/"},"modified":"2024-03-14T21:43:46","modified_gmt":"2024-03-14T21:43:46","slug":"comite-cientific","status":"publish","type":"page","link":"https:\/\/congresodietamediterranea.com\/ca\/comite-cientific\/","title":{"rendered":"Comit\u00e8 Cient\u00edfic"},"content":{"rendered":"[vc_row type=&#8221;full_width_background&#8221; full_screen_row_position=&#8221;middle&#8221; scene_position=&#8221;center&#8221; text_color=&#8221;dark&#8221; text_align=&#8221;center&#8221; top_padding=&#8221;50&#8243; bottom_padding=&#8221;100&#8243; overlay_strength=&#8221;0.3&#8243; shape_divider_position=&#8221;bottom&#8221; bg_image_animation=&#8221;none&#8221; title_weight=&#8221;hairline&#8221; top_decoration=&#8221;triangle-inverted&#8221; bottom_decoration=&#8221;triangle-inverted&#8221; width=&#8221;no-padded&#8221; overlay_colour=&#8221;#5d82ef&#8221; background_image_attachment=&#8221;fixed&#8221; shape_type=&#8221;&#8221;][vc_column column_padding=&#8221;no-extra-padding&#8221; column_padding_position=&#8221;all&#8221; background_color_opacity=&#8221;1&#8243; background_hover_color_opacity=&#8221;1&#8243; column_link_target=&#8221;_self&#8221; column_shadow=&#8221;none&#8221; column_border_radius=&#8221;none&#8221; width=&#8221;1\/1&#8243; tablet_width_inherit=&#8221;default&#8221; tablet_text_alignment=&#8221;default&#8221; phone_text_alignment=&#8221;default&#8221; column_border_width=&#8221;none&#8221; column_border_style=&#8221;solid&#8221; bg_image_animation=&#8221;none&#8221;]<div class=\"img-with-aniamtion-wrap center\" data-max-width=\"100%\" data-border-radius=\"none\"><div class=\"inner\"><a href=\"http:\/\/paralelo40.es\/\" target=\"_blank\" class=\"center\"><img data-shadow=\"none\" data-shadow-direction=\"middle\" class=\"img-with-animation skip-lazy \" data-delay=\"0\" height=\"700\" width=\"600\"  data-animation=\"fade-in\" src=\"https:\/\/congresodietamediterranea.com\/wp-content\/uploads\/2022\/03\/paralelo40.png\" srcset=\"https:\/\/congresodietamediterranea.com\/wp-content\/uploads\/2022\/03\/paralelo40.png 600w, https:\/\/congresodietamediterranea.com\/wp-content\/uploads\/2022\/03\/paralelo40-257x300.png 257w\" sizes=\"100vw\" alt=\"\" \/><\/a><\/div><\/div>[\/vc_column][\/vc_row][vc_row type=&#8221;in_container&#8221; full_screen_row_position=&#8221;middle&#8221; scene_position=&#8221;center&#8221; text_color=&#8221;dark&#8221; text_align=&#8221;left&#8221; overlay_strength=&#8221;0.3&#8243; shape_divider_position=&#8221;bottom&#8221; bg_image_animation=&#8221;none&#8221;][vc_column column_padding=&#8221;no-extra-padding&#8221; column_padding_position=&#8221;all&#8221; background_color_opacity=&#8221;1&#8243; background_hover_color_opacity=&#8221;1&#8243; column_link_target=&#8221;_self&#8221; column_shadow=&#8221;none&#8221; column_border_radius=&#8221;none&#8221; width=&#8221;1\/1&#8243; tablet_width_inherit=&#8221;default&#8221; tablet_text_alignment=&#8221;default&#8221; phone_text_alignment=&#8221;default&#8221; column_border_width=&#8221;none&#8221; column_border_style=&#8221;solid&#8221; bg_image_animation=&#8221;none&#8221;][nectar_highlighted_text style=&#8221;full_text&#8221;]\n<h2 style=\"text-align: center;\"><strong>El comit\u00e8 cient\u00edfic del XIV Congr\u00e9s Internacional est\u00e0 integrat pel Paral\u00b7lel 40\u00ba Observatori Mundial de la Dieta Mediterr\u00e0nia<\/strong><\/h2>\n[\/nectar_highlighted_text][\/vc_column][\/vc_row][vc_row type=&#8221;in_container&#8221; full_screen_row_position=&#8221;middle&#8221; scene_position=&#8221;center&#8221; text_color=&#8221;dark&#8221; text_align=&#8221;left&#8221; overlay_strength=&#8221;0.3&#8243; shape_divider_position=&#8221;bottom&#8221; bg_image_animation=&#8221;none&#8221;][vc_column column_padding=&#8221;no-extra-padding&#8221; column_padding_position=&#8221;all&#8221; background_color_opacity=&#8221;1&#8243; background_hover_color_opacity=&#8221;1&#8243; column_link_target=&#8221;_self&#8221; column_shadow=&#8221;none&#8221; column_border_radius=&#8221;none&#8221; width=&#8221;1\/1&#8243; tablet_width_inherit=&#8221;default&#8221; tablet_text_alignment=&#8221;default&#8221; phone_text_alignment=&#8221;default&#8221; column_border_width=&#8221;none&#8221; column_border_style=&#8221;solid&#8221; bg_image_animation=&#8221;none&#8221;]<div class=\"divider-wrap\" data-alignment=\"default\"><div style=\"margin-top: 12px; height: 1px; margin-bottom: 12px;\" data-width=\"100%\" data-animate=\"\" data-animation-delay=\"\" data-color=\"default\" class=\"divider-border\"><\/div><\/div>[vc_column_text]\n<p style=\"text-align: center;\">El Paral\u00b7lel 40\u00ba &#8211; Observatori Mundial de la Dieta Mediterr\u00e0nia \u00e9s una iniciativa que pret\u00e9n promocionar, recopilar i difondre la recerca interdisciplin\u00e0ria &amp; multisectorial de la Dieta Mediterr\u00e0nia des dels vessants alimentari i agrari, de salut, cultural, econ\u00f2mica, gastron\u00f2mica i medi-ambiental.<\/p>\n<p style=\"text-align: center;\">Com que la Dieta Mediterr\u00e0nia es basa en el consum de productes de proximitat m\u00e9s lligat a la latitud (condicions clim\u00e0tiques) en qu\u00e8 es troba el mar mediterrani (paral\u00b7lel 40\u00ba), que a la seva proximitat a aquest mar, s&#8217;ha decidit la creaci\u00f3 d&#8217;un Observatori Mundial de Dieta Mediterr\u00e0nia (Paral\u00b7lel 40\u00ba) per capitalitzar aquest estil de vida i difondre els seus beneficis.<\/p>\n[\/vc_column_text][\/vc_column][\/vc_row][vc_row type=&#8221;in_container&#8221; full_screen_row_position=&#8221;middle&#8221; scene_position=&#8221;center&#8221; text_color=&#8221;dark&#8221; text_align=&#8221;left&#8221; overlay_strength=&#8221;0.3&#8243; shape_divider_position=&#8221;bottom&#8221; bg_image_animation=&#8221;none&#8221;][vc_column column_padding=&#8221;no-extra-padding&#8221; column_padding_position=&#8221;all&#8221; background_color_opacity=&#8221;1&#8243; background_hover_color_opacity=&#8221;1&#8243; column_link_target=&#8221;_self&#8221; column_shadow=&#8221;none&#8221; column_border_radius=&#8221;none&#8221; width=&#8221;1\/1&#8243; tablet_width_inherit=&#8221;default&#8221; tablet_text_alignment=&#8221;default&#8221; phone_text_alignment=&#8221;default&#8221; column_border_width=&#8221;none&#8221; column_border_style=&#8221;solid&#8221; bg_image_animation=&#8221;none&#8221;]<div class=\"divider-wrap\" data-alignment=\"default\"><div style=\"margin-top: 12px; height: 1px; margin-bottom: 12px;\" data-width=\"100%\" data-animate=\"\" data-animation-delay=\"\" data-color=\"default\" class=\"divider-border\"><\/div><\/div>[\/vc_column][\/vc_row][vc_row type=&#8221;in_container&#8221; full_screen_row_position=&#8221;middle&#8221; scene_position=&#8221;center&#8221; text_color=&#8221;dark&#8221; text_align=&#8221;left&#8221; overlay_strength=&#8221;0.3&#8243; shape_divider_position=&#8221;bottom&#8221; bg_image_animation=&#8221;none&#8221;][vc_column column_padding=&#8221;no-extra-padding&#8221; column_padding_position=&#8221;all&#8221; background_color_opacity=&#8221;1&#8243; background_hover_color_opacity=&#8221;1&#8243; column_link_target=&#8221;_self&#8221; column_shadow=&#8221;none&#8221; column_border_radius=&#8221;none&#8221; width=&#8221;1\/1&#8243; tablet_width_inherit=&#8221;default&#8221; tablet_text_alignment=&#8221;default&#8221; phone_text_alignment=&#8221;default&#8221; column_border_width=&#8221;none&#8221; column_border_style=&#8221;solid&#8221; bg_image_animation=&#8221;none&#8221;][vc_column_text]\n<p style=\"text-align: center;\">M\u00e9s informaci\u00f3 disponible a <a href=\"http:\/\/paralelo40.es\/\" target=\"_blank\" rel=\"noopener\">paralelo40.es<\/a><\/p>\n[\/vc_column_text][\/vc_column][\/vc_row]\n","protected":false},"excerpt":{"rendered":"<p>[vc_row type=&#8221;full_width_background&#8221; full_screen_row_position=&#8221;middle&#8221; scene_position=&#8221;center&#8221; text_color=&#8221;dark&#8221; text_align=&#8221;center&#8221; top_padding=&#8221;50&#8243; bottom_padding=&#8221;100&#8243; overlay_strength=&#8221;0.3&#8243; shape_divider_position=&#8221;bottom&#8221; bg_image_animation=&#8221;none&#8221; title_weight=&#8221;hairline&#8221; top_decoration=&#8221;triangle-inverted&#8221; bottom_decoration=&#8221;triangle-inverted&#8221; width=&#8221;no-padded&#8221; overlay_colour=&#8221;#5d82ef&#8221; background_image_attachment=&#8221;fixed&#8221; shape_type=&#8221;&#8221;][vc_column column_padding=&#8221;no-extra-padding&#8221; column_padding_position=&#8221;all&#8221; background_color_opacity=&#8221;1&#8243; background_hover_color_opacity=&#8221;1&#8243; column_link_target=&#8221;_self&#8221; column_shadow=&#8221;none&#8221; column_border_radius=&#8221;none&#8221; width=&#8221;1\/1&#8243; tablet_width_inherit=&#8221;default&#8221; tablet_text_alignment=&#8221;default&#8221; phone_text_alignment=&#8221;default&#8221; column_border_width=&#8221;none&#8221;&#8230;<\/p>\n","protected":false},"author":9192195,"featured_media":0,"parent":0,"menu_order":0,"comment_status":"closed","ping_status":"closed","template":"","meta":[],"_links":{"self":[{"href":"https:\/\/congresodietamediterranea.com\/ca\/wp-json\/wp\/v2\/pages\/16333\/"}],"collection":[{"href":"https:\/\/congresodietamediterranea.com\/ca\/wp-json\/wp\/v2\/pages\/"}],"about":[{"href":"https:\/\/congresodietamediterranea.com\/ca\/wp-json\/wp\/v2\/types\/page\/"}],"author":[{"embeddable":true,"href":"https:\/\/congresodietamediterranea.com\/ca\/wp-json\/wp\/v2\/users\/9192195\/"}],"replies":[{"embeddable":true,"href":"https:\/\/congresodietamediterranea.com\/ca\/wp-json\/wp\/v2\/comments\/?post=16333"}],"version-history":[{"count":3,"href":"https:\/\/congresodietamediterranea.com\/ca\/wp-json\/wp\/v2\/pages\/16333\/revisions\/"}],"predecessor-version":[{"id":16337,"href":"https:\/\/congresodietamediterranea.com\/ca\/wp-json\/wp\/v2\/pages\/16333\/revisions\/16337\/"}],"wp:attachment":[{"href":"https:\/\/congresodietamediterranea.com\/ca\/wp-json\/wp\/v2\/media\/?parent=16333"}],"curies":[{"name":"wp","href":"https:\/\/api.w.org\/{rel}","templated":true}]}}