{"id":16342,"date":"2022-02-22T10:26:09","date_gmt":"2022-02-22T10:26:09","guid":{"rendered":"https:\/\/congresodietamediterranea.com\/placeholder\/"},"modified":"2024-03-14T21:52:34","modified_gmt":"2024-03-14T21:52:34","slug":"placeholder","status":"publish","type":"page","link":"https:\/\/congresodietamediterranea.com\/ca\/placeholder\/","title":{"rendered":"PLACEHOLDER"},"content":{"rendered":"\r\n    <div class=\"col span_12 section-title text-align-center extra-padding\">\r\n\t\t<h2>La p\u00e0gina a la qual intenta accedir est\u00e0 temporalment en manteniment.<\/p>\n<p>Disculpeu les mol\u00e8sties.\u00a0<\/h2><p><\/p><\/div><div class=\"clear\"><\/div>\n","protected":false},"excerpt":{"rendered":"La p\u00e0gina a la qual intenta accedir est\u00e0 temporalment en manteniment. Disculpeu les mol\u00e8sties.\u00a0","protected":false},"author":9192195,"featured_media":0,"parent":0,"menu_order":0,"comment_status":"closed","ping_status":"closed","template":"","meta":[],"_links":{"self":[{"href":"https:\/\/congresodietamediterranea.com\/ca\/wp-json\/wp\/v2\/pages\/16342\/"}],"collection":[{"href":"https:\/\/congresodietamediterranea.com\/ca\/wp-json\/wp\/v2\/pages\/"}],"about":[{"href":"https:\/\/congresodietamediterranea.com\/ca\/wp-json\/wp\/v2\/types\/page\/"}],"author":[{"embeddable":true,"href":"https:\/\/congresodietamediterranea.com\/ca\/wp-json\/wp\/v2\/users\/9192195\/"}],"replies":[{"embeddable":true,"href":"https:\/\/congresodietamediterranea.com\/ca\/wp-json\/wp\/v2\/comments\/?post=16342"}],"version-history":[{"count":2,"href":"https:\/\/congresodietamediterranea.com\/ca\/wp-json\/wp\/v2\/pages\/16342\/revisions\/"}],"predecessor-version":[{"id":16344,"href":"https:\/\/congresodietamediterranea.com\/ca\/wp-json\/wp\/v2\/pages\/16342\/revisions\/16344\/"}],"wp:attachment":[{"href":"https:\/\/congresodietamediterranea.com\/ca\/wp-json\/wp\/v2\/media\/?parent=16342"}],"curies":[{"name":"wp","href":"https:\/\/api.w.org\/{rel}","templated":true}]}}