{"id":16391,"date":"2024-02-23T10:51:59","date_gmt":"2024-02-23T10:51:59","guid":{"rendered":"https:\/\/congresodietamediterranea.com\/ponents\/licia-iacoviello\/"},"modified":"2024-03-14T22:48:53","modified_gmt":"2024-03-14T22:48:53","slug":"licia-iacoviello","status":"publish","type":"page","link":"https:\/\/congresodietamediterranea.com\/ca\/ponents\/licia-iacoviello\/","title":{"rendered":"Licia Iacoviello"},"content":{"rendered":"[vc_row type=&#8221;in_container&#8221; full_screen_row_position=&#8221;middle&#8221; scene_position=&#8221;center&#8221; text_color=&#8221;dark&#8221; text_align=&#8221;left&#8221; overlay_strength=&#8221;0.3&#8243; shape_divider_position=&#8221;bottom&#8221; bg_image_animation=&#8221;none&#8221;][vc_column column_padding=&#8221;no-extra-padding&#8221; column_padding_position=&#8221;all&#8221; background_color_opacity=&#8221;1&#8243; background_hover_color_opacity=&#8221;1&#8243; column_link_target=&#8221;_self&#8221; column_shadow=&#8221;none&#8221; column_border_radius=&#8221;none&#8221; width=&#8221;1\/4&#8243; tablet_width_inherit=&#8221;default&#8221; tablet_text_alignment=&#8221;default&#8221; phone_text_alignment=&#8221;default&#8221; column_border_width=&#8221;none&#8221; column_border_style=&#8221;solid&#8221; bg_image_animation=&#8221;none&#8221;]<div class=\"img-with-aniamtion-wrap center\" data-max-width=\"100%\" data-border-radius=\"20px\"><div class=\"inner\"><img data-shadow=\"none\" data-shadow-direction=\"middle\" class=\"img-with-animation skip-lazy \" data-delay=\"0\" height=\"1000\" width=\"1000\"  data-animation=\"fade-in\" src=\"https:\/\/congresodietamediterranea.com\/wp-content\/uploads\/2024\/02\/Iacoviello_Licia.png\" srcset=\"https:\/\/congresodietamediterranea.com\/wp-content\/uploads\/2024\/02\/Iacoviello_Licia.png 1000w, https:\/\/congresodietamediterranea.com\/wp-content\/uploads\/2024\/02\/Iacoviello_Licia-300x300.png 300w, https:\/\/congresodietamediterranea.com\/wp-content\/uploads\/2024\/02\/Iacoviello_Licia-150x150.png 150w, https:\/\/congresodietamediterranea.com\/wp-content\/uploads\/2024\/02\/Iacoviello_Licia-768x768.png 768w, https:\/\/congresodietamediterranea.com\/wp-content\/uploads\/2024\/02\/Iacoviello_Licia-100x100.png 100w, https:\/\/congresodietamediterranea.com\/wp-content\/uploads\/2024\/02\/Iacoviello_Licia-140x140.png 140w, https:\/\/congresodietamediterranea.com\/wp-content\/uploads\/2024\/02\/Iacoviello_Licia-500x500.png 500w, https:\/\/congresodietamediterranea.com\/wp-content\/uploads\/2024\/02\/Iacoviello_Licia-350x350.png 350w, https:\/\/congresodietamediterranea.com\/wp-content\/uploads\/2024\/02\/Iacoviello_Licia-800x800.png 800w, https:\/\/congresodietamediterranea.com\/wp-content\/uploads\/2024\/02\/Iacoviello_Licia-375x375.png 375w, https:\/\/congresodietamediterranea.com\/wp-content\/uploads\/2024\/02\/Iacoviello_Licia-600x600.png 600w\" sizes=\"100vw\" alt=\"\" \/><\/div><\/div>[\/vc_column][vc_column column_padding=&#8221;no-extra-padding&#8221; column_padding_position=&#8221;all&#8221; background_color_opacity=&#8221;1&#8243; background_hover_color_opacity=&#8221;1&#8243; column_link_target=&#8221;_self&#8221; column_shadow=&#8221;none&#8221; column_border_radius=&#8221;none&#8221; width=&#8221;3\/4&#8243; tablet_width_inherit=&#8221;default&#8221; tablet_text_alignment=&#8221;default&#8221; phone_text_alignment=&#8221;default&#8221; column_border_width=&#8221;none&#8221; column_border_style=&#8221;solid&#8221; bg_image_animation=&#8221;none&#8221;][vc_column_text]La Dra. L\u00edcia Lacoviello, professora titular d&#8217;Higiene i Salut P\u00fablica en la Universitat LUM de Casamassima (BA), dirigeix el Departament d&#8217;Epidemiologia i Prevenci\u00f3 de IRCCS Neuromed, Pozzilli (IS) i el seu Centre de Big Data i Salut Personalitzada, Neurobiotecnolog\u00eda, Caserta.<\/p>\n<p>&nbsp;<\/p>\n<p>Ha treballat en l&#8217;impacte dels gens i el medi ambient i la seva interacci\u00f3 en el risc cardiovascular i en el paper dels h\u00e0bits diet\u00e8tics en el desenvolupament de trastorns metab\u00f2lics i malalties cr\u00f2nicodegeneratives.<\/p>\n<p>&nbsp;<\/p>\n<p>Des de 2005, coordina l&#8217;Estudi Moli-sani, un gran estudi de cohort basat en la poblaci\u00f3 que involucra a m\u00e9s de 24.000 persones adultes en el sud d&#8217;It\u00e0lia, amb la finalitat d&#8217;avaluar els factors de risc relacionats amb l&#8217;estil de vida (en particular, els h\u00e0bits diet\u00e8tics) i la gen\u00e8tica per a les malalties cr\u00f2nicodegeneratives i metab\u00f2liques i, des de 2018, l&#8217;Estudi PLATONE, una xarxa de recerca cl\u00ednica per a Big-data, machine Learning i salut personalitzada.<\/p>\n<p>&nbsp;<\/p>\n<p>En els \u00faltims 20 anys, la seva activitat s&#8217;ha dedicat principalment a proporcionar bases cient\u00edfiques a aquest efecte saludable de la Dieta Mediterr\u00e0nia i a comprendre els determinants de l&#8217;adher\u00e8ncia a la Dieta Mediterr\u00e0nia.<\/p>\n<p>&nbsp;<\/p>\n<p>L\u00edcia Lacoviello, ha publicat m\u00e9s de 560 articles cient\u00edfics en revistes internacionals \u00abrevisades per parells\u00bb. Ha estat inclosa en la llista dels millors cient\u00edfics italians i en el 2% dels millors cient\u00edfics del m\u00f3n.[\/vc_column_text][\/vc_column][\/vc_row]\n","protected":false},"excerpt":{"rendered":"<p>[vc_row type=&#8221;in_container&#8221; full_screen_row_position=&#8221;middle&#8221; scene_position=&#8221;center&#8221; text_color=&#8221;dark&#8221; text_align=&#8221;left&#8221; overlay_strength=&#8221;0.3&#8243; shape_divider_position=&#8221;bottom&#8221; bg_image_animation=&#8221;none&#8221;][vc_column column_padding=&#8221;no-extra-padding&#8221; column_padding_position=&#8221;all&#8221; background_color_opacity=&#8221;1&#8243; background_hover_color_opacity=&#8221;1&#8243; column_link_target=&#8221;_self&#8221; column_shadow=&#8221;none&#8221; column_border_radius=&#8221;none&#8221; width=&#8221;1\/4&#8243; tablet_width_inherit=&#8221;default&#8221; tablet_text_alignment=&#8221;default&#8221; phone_text_alignment=&#8221;default&#8221; column_border_width=&#8221;none&#8221; column_border_style=&#8221;solid&#8221; bg_image_animation=&#8221;none&#8221;][\/vc_column][vc_column column_padding=&#8221;no-extra-padding&#8221; column_padding_position=&#8221;all&#8221; background_color_opacity=&#8221;1&#8243; background_hover_color_opacity=&#8221;1&#8243; column_link_target=&#8221;_self&#8221; column_shadow=&#8221;none&#8221; column_border_radius=&#8221;none&#8221;&#8230;<\/p>\n","protected":false},"author":9192195,"featured_media":0,"parent":16153,"menu_order":0,"comment_status":"closed","ping_status":"closed","template":"","meta":[],"_links":{"self":[{"href":"https:\/\/congresodietamediterranea.com\/ca\/wp-json\/wp\/v2\/pages\/16391\/"}],"collection":[{"href":"https:\/\/congresodietamediterranea.com\/ca\/wp-json\/wp\/v2\/pages\/"}],"about":[{"href":"https:\/\/congresodietamediterranea.com\/ca\/wp-json\/wp\/v2\/types\/page\/"}],"author":[{"embeddable":true,"href":"https:\/\/congresodietamediterranea.com\/ca\/wp-json\/wp\/v2\/users\/9192195\/"}],"replies":[{"embeddable":true,"href":"https:\/\/congresodietamediterranea.com\/ca\/wp-json\/wp\/v2\/comments\/?post=16391"}],"version-history":[{"count":1,"href":"https:\/\/congresodietamediterranea.com\/ca\/wp-json\/wp\/v2\/pages\/16391\/revisions\/"}],"predecessor-version":[{"id":16434,"href":"https:\/\/congresodietamediterranea.com\/ca\/wp-json\/wp\/v2\/pages\/16391\/revisions\/16434\/"}],"up":[{"embeddable":true,"href":"https:\/\/congresodietamediterranea.com\/ca\/wp-json\/wp\/v2\/pages\/16153\/"}],"wp:attachment":[{"href":"https:\/\/congresodietamediterranea.com\/ca\/wp-json\/wp\/v2\/media\/?parent=16391"}],"curies":[{"name":"wp","href":"https:\/\/api.w.org\/{rel}","templated":true}]}}