{"id":16397,"date":"2024-02-23T12:15:44","date_gmt":"2024-02-23T12:15:44","guid":{"rendered":"https:\/\/congresodietamediterranea.com\/ponents\/noam-weisbrod\/"},"modified":"2024-03-14T22:56:14","modified_gmt":"2024-03-14T22:56:14","slug":"noam-weisbrod","status":"publish","type":"page","link":"https:\/\/congresodietamediterranea.com\/ca\/ponents\/noam-weisbrod\/","title":{"rendered":"Noam Weisbrod"},"content":{"rendered":"[vc_row type=&#8221;in_container&#8221; full_screen_row_position=&#8221;middle&#8221; scene_position=&#8221;center&#8221; text_color=&#8221;dark&#8221; text_align=&#8221;left&#8221; overlay_strength=&#8221;0.3&#8243; shape_divider_position=&#8221;bottom&#8221; bg_image_animation=&#8221;none&#8221;][vc_column column_padding=&#8221;no-extra-padding&#8221; column_padding_position=&#8221;all&#8221; background_color_opacity=&#8221;1&#8243; background_hover_color_opacity=&#8221;1&#8243; column_link_target=&#8221;_self&#8221; column_shadow=&#8221;none&#8221; column_border_radius=&#8221;none&#8221; width=&#8221;1\/4&#8243; tablet_width_inherit=&#8221;default&#8221; tablet_text_alignment=&#8221;default&#8221; phone_text_alignment=&#8221;default&#8221; column_border_width=&#8221;none&#8221; column_border_style=&#8221;solid&#8221; bg_image_animation=&#8221;none&#8221;]<div class=\"img-with-aniamtion-wrap center\" data-max-width=\"100%\" data-border-radius=\"20px\"><div class=\"inner\"><img data-shadow=\"none\" data-shadow-direction=\"middle\" class=\"img-with-animation skip-lazy \" data-delay=\"0\" height=\"1000\" width=\"1000\"  data-animation=\"fade-in\" src=\"https:\/\/congresodietamediterranea.com\/wp-content\/uploads\/2024\/03\/Weisbrod_Noam-1.png\" srcset=\"https:\/\/congresodietamediterranea.com\/wp-content\/uploads\/2024\/03\/Weisbrod_Noam-1.png 1000w, https:\/\/congresodietamediterranea.com\/wp-content\/uploads\/2024\/03\/Weisbrod_Noam-1-300x300.png 300w, https:\/\/congresodietamediterranea.com\/wp-content\/uploads\/2024\/03\/Weisbrod_Noam-1-150x150.png 150w, https:\/\/congresodietamediterranea.com\/wp-content\/uploads\/2024\/03\/Weisbrod_Noam-1-768x768.png 768w, https:\/\/congresodietamediterranea.com\/wp-content\/uploads\/2024\/03\/Weisbrod_Noam-1-100x100.png 100w, https:\/\/congresodietamediterranea.com\/wp-content\/uploads\/2024\/03\/Weisbrod_Noam-1-140x140.png 140w, https:\/\/congresodietamediterranea.com\/wp-content\/uploads\/2024\/03\/Weisbrod_Noam-1-500x500.png 500w, https:\/\/congresodietamediterranea.com\/wp-content\/uploads\/2024\/03\/Weisbrod_Noam-1-350x350.png 350w, https:\/\/congresodietamediterranea.com\/wp-content\/uploads\/2024\/03\/Weisbrod_Noam-1-800x800.png 800w, https:\/\/congresodietamediterranea.com\/wp-content\/uploads\/2024\/03\/Weisbrod_Noam-1-375x375.png 375w, https:\/\/congresodietamediterranea.com\/wp-content\/uploads\/2024\/03\/Weisbrod_Noam-1-600x600.png 600w\" sizes=\"100vw\" alt=\"\" \/><\/div><\/div>[\/vc_column][vc_column column_padding=&#8221;no-extra-padding&#8221; column_padding_position=&#8221;all&#8221; background_color_opacity=&#8221;1&#8243; background_hover_color_opacity=&#8221;1&#8243; column_link_target=&#8221;_self&#8221; column_shadow=&#8221;none&#8221; column_border_radius=&#8221;none&#8221; width=&#8221;3\/4&#8243; tablet_width_inherit=&#8221;default&#8221; tablet_text_alignment=&#8221;default&#8221; phone_text_alignment=&#8221;default&#8221; column_border_width=&#8221;none&#8221; column_border_style=&#8221;solid&#8221; bg_image_animation=&#8221;none&#8221;][vc_column_text]Noam Weisbrod \u00e9s professor d&#8217;Hidrologia en l&#8217;Institut Zuckerberg per a la Recerca de l&#8217;Aigua, en els Instituts Jacob Blaustein per a la Recerca del Desert (BIDR) de la Universitat Ben-Gurion del Negev, a la qual es va incorporar en 2002. Des de 2018, s&#8217;exerceix com a Director (Deg\u00e0) del BIDR, presidint a 65 membres de la facultat, 90 membres del personal i 300 estudiants de postgrau.<\/p>\n<p>Els seus t\u00edtols acad\u00e8mics van ser cursats en la Facultat d&#8217;Agricultura, Alimentaci\u00f3 i Medi Ambient de la Universitat Hebrea de Jerusalem (Ci\u00e8ncies del S\u00f2l i Hidrologia). Va ser becari postdoctoraT i professor assistent de recerca en el Departament de Bioingenier\u00eda de la Universitat Estatal d&#8217;Oregon, els Estats Units.<\/p>\n<p>&nbsp;<\/p>\n<p>Weisbrod va participar en diverses delegacions internacionals per a avaluar les realitats locals de l&#8217;aigua, en llocs com Xile, Mong\u00f2lia Interior, Nam\u00edbia, Uganda, Zimb\u00e0bue i Gal\u00e1pagos. A m\u00e9s de liderar nombrosos projectes de recerca nacionals i internacionals, va ser membre del comit\u00e8 directiu dels projectes cooperatius BGU-Northwestern University en ci\u00e8ncies de l&#8217;aigua, i de \u00abBusinessH2O: Water management best practices from the USA and Israel\u00bb.<\/p>\n<p>&nbsp;<\/p>\n<p>Weisbord va supervisar a m\u00e9s de 50 estudiants de mestr i doctorat i becaris postdoctorals, i \u00e9s coautor de m\u00e9s de 110 articles en els temes d&#8217;Hidrologia, Agricultura, Rec\u00e0rrega d&#8217;Aq\u00fc\u00edfers i Ci\u00e8ncies Ambientals.[\/vc_column_text][\/vc_column][\/vc_row]\n","protected":false},"excerpt":{"rendered":"<p>[vc_row type=&#8221;in_container&#8221; full_screen_row_position=&#8221;middle&#8221; scene_position=&#8221;center&#8221; text_color=&#8221;dark&#8221; text_align=&#8221;left&#8221; overlay_strength=&#8221;0.3&#8243; shape_divider_position=&#8221;bottom&#8221; bg_image_animation=&#8221;none&#8221;][vc_column column_padding=&#8221;no-extra-padding&#8221; column_padding_position=&#8221;all&#8221; background_color_opacity=&#8221;1&#8243; background_hover_color_opacity=&#8221;1&#8243; column_link_target=&#8221;_self&#8221; column_shadow=&#8221;none&#8221; column_border_radius=&#8221;none&#8221; width=&#8221;1\/4&#8243; tablet_width_inherit=&#8221;default&#8221; tablet_text_alignment=&#8221;default&#8221; phone_text_alignment=&#8221;default&#8221; column_border_width=&#8221;none&#8221; column_border_style=&#8221;solid&#8221; bg_image_animation=&#8221;none&#8221;][\/vc_column][vc_column column_padding=&#8221;no-extra-padding&#8221; column_padding_position=&#8221;all&#8221; background_color_opacity=&#8221;1&#8243; background_hover_color_opacity=&#8221;1&#8243; column_link_target=&#8221;_self&#8221; column_shadow=&#8221;none&#8221; column_border_radius=&#8221;none&#8221;&#8230;<\/p>\n","protected":false},"author":9192195,"featured_media":0,"parent":16153,"menu_order":0,"comment_status":"closed","ping_status":"closed","template":"","meta":[],"_links":{"self":[{"href":"https:\/\/congresodietamediterranea.com\/ca\/wp-json\/wp\/v2\/pages\/16397\/"}],"collection":[{"href":"https:\/\/congresodietamediterranea.com\/ca\/wp-json\/wp\/v2\/pages\/"}],"about":[{"href":"https:\/\/congresodietamediterranea.com\/ca\/wp-json\/wp\/v2\/types\/page\/"}],"author":[{"embeddable":true,"href":"https:\/\/congresodietamediterranea.com\/ca\/wp-json\/wp\/v2\/users\/9192195\/"}],"replies":[{"embeddable":true,"href":"https:\/\/congresodietamediterranea.com\/ca\/wp-json\/wp\/v2\/comments\/?post=16397"}],"version-history":[{"count":1,"href":"https:\/\/congresodietamediterranea.com\/ca\/wp-json\/wp\/v2\/pages\/16397\/revisions\/"}],"predecessor-version":[{"id":16444,"href":"https:\/\/congresodietamediterranea.com\/ca\/wp-json\/wp\/v2\/pages\/16397\/revisions\/16444\/"}],"up":[{"embeddable":true,"href":"https:\/\/congresodietamediterranea.com\/ca\/wp-json\/wp\/v2\/pages\/16153\/"}],"wp:attachment":[{"href":"https:\/\/congresodietamediterranea.com\/ca\/wp-json\/wp\/v2\/media\/?parent=16397"}],"curies":[{"name":"wp","href":"https:\/\/api.w.org\/{rel}","templated":true}]}}