{"id":16357,"date":"2024-02-23T10:32:53","date_gmt":"2024-02-23T10:32:53","guid":{"rendered":"https:\/\/congresodietamediterranea.com\/speakers\/antonia-trichopoulou\/"},"modified":"2024-02-23T10:32:53","modified_gmt":"2024-02-23T10:32:53","slug":"antonia-trichopoulou","status":"publish","type":"page","link":"https:\/\/congresodietamediterranea.com\/en\/speakers\/antonia-trichopoulou\/","title":{"rendered":"ANTONIA TRICHOPOULOU"},"content":{"rendered":"[vc_row type=&#8221;in_container&#8221; full_screen_row_position=&#8221;middle&#8221; scene_position=&#8221;center&#8221; text_color=&#8221;dark&#8221; text_align=&#8221;left&#8221; overlay_strength=&#8221;0.3&#8243; shape_divider_position=&#8221;bottom&#8221; bg_image_animation=&#8221;none&#8221;][vc_column column_padding=&#8221;no-extra-padding&#8221; column_padding_position=&#8221;all&#8221; background_color_opacity=&#8221;1&#8243; background_hover_color_opacity=&#8221;1&#8243; column_link_target=&#8221;_self&#8221; column_shadow=&#8221;none&#8221; column_border_radius=&#8221;none&#8221; width=&#8221;1\/4&#8243; tablet_width_inherit=&#8221;default&#8221; tablet_text_alignment=&#8221;default&#8221; phone_text_alignment=&#8221;default&#8221; column_border_width=&#8221;none&#8221; column_border_style=&#8221;solid&#8221; bg_image_animation=&#8221;none&#8221;]<div class=\"img-with-aniamtion-wrap center\" data-max-width=\"100%\" data-border-radius=\"20px\"><div class=\"inner\"><img data-shadow=\"none\" data-shadow-direction=\"middle\" class=\"img-with-animation skip-lazy \" data-delay=\"0\" height=\"1000\" width=\"1000\"  data-animation=\"fade-in\" src=\"https:\/\/congresodietamediterranea.com\/wp-content\/uploads\/2024\/02\/Trichopoulou_Antonia.png\" srcset=\"https:\/\/congresodietamediterranea.com\/wp-content\/uploads\/2024\/02\/Trichopoulou_Antonia.png 1000w, https:\/\/congresodietamediterranea.com\/wp-content\/uploads\/2024\/02\/Trichopoulou_Antonia-300x300.png 300w, https:\/\/congresodietamediterranea.com\/wp-content\/uploads\/2024\/02\/Trichopoulou_Antonia-150x150.png 150w, https:\/\/congresodietamediterranea.com\/wp-content\/uploads\/2024\/02\/Trichopoulou_Antonia-768x768.png 768w, https:\/\/congresodietamediterranea.com\/wp-content\/uploads\/2024\/02\/Trichopoulou_Antonia-100x100.png 100w, https:\/\/congresodietamediterranea.com\/wp-content\/uploads\/2024\/02\/Trichopoulou_Antonia-140x140.png 140w, https:\/\/congresodietamediterranea.com\/wp-content\/uploads\/2024\/02\/Trichopoulou_Antonia-500x500.png 500w, https:\/\/congresodietamediterranea.com\/wp-content\/uploads\/2024\/02\/Trichopoulou_Antonia-350x350.png 350w, https:\/\/congresodietamediterranea.com\/wp-content\/uploads\/2024\/02\/Trichopoulou_Antonia-800x800.png 800w, https:\/\/congresodietamediterranea.com\/wp-content\/uploads\/2024\/02\/Trichopoulou_Antonia-375x375.png 375w, https:\/\/congresodietamediterranea.com\/wp-content\/uploads\/2024\/02\/Trichopoulou_Antonia-600x600.png 600w\" sizes=\"100vw\" alt=\"\" \/><\/div><\/div>[\/vc_column][vc_column column_padding=&#8221;no-extra-padding&#8221; column_padding_position=&#8221;all&#8221; background_color_opacity=&#8221;1&#8243; background_hover_color_opacity=&#8221;1&#8243; column_link_target=&#8221;_self&#8221; column_shadow=&#8221;none&#8221; column_border_radius=&#8221;none&#8221; width=&#8221;3\/4&#8243; tablet_width_inherit=&#8221;default&#8221; tablet_text_alignment=&#8221;default&#8221; phone_text_alignment=&#8221;default&#8221; column_border_width=&#8221;none&#8221; column_border_style=&#8221;solid&#8221; bg_image_animation=&#8221;none&#8221;][vc_column_text]Antonia Trichopoulou M.D., Miembro de la Academia de Atenas, directora del Centro de Investigaci\u00f3n y Educaci\u00f3n en Salud P\u00fablica de la Academia de Atenas, Profesora adjunta en la Universidad de Yale, Profesora em\u00e9rita de la Facultad de Medicina de la Universidad de Atenas. Fue directora del Centro Colaborador de Nutrici\u00f3n de la Organizaci\u00f3n Mundial de la Salud (OMS) durante m\u00e1s de veinte a\u00f1os en la Facultad de Medicina de la Universidad de Atenas y en la Escuela de Salud P\u00fablica de Atenas, Grecia.<\/p>\n<p>&nbsp;<\/p>\n<p>Su trabajo cient\u00edfico se centra en la salud p\u00fablica y la epidemiolog\u00eda nutricional, haciendo hincapi\u00e9 en los efectos sobre la salud de la Dieta Mediterr\u00e1nea y los alimentos tradicionales.<\/p>\n<p>&nbsp;<\/p>\n<p>En 2011, recibi\u00f3 el premio de la Federaci\u00f3n de Sociedades Europeas de Nutrici\u00f3n (FENS) por su &#8220;destacada carrera como nutricionista&#8221;. Nombrada en la lista de Thomson Reuters 2014 &#8220;Mentes cient\u00edficas m\u00e1s influyentes del mundo&#8221; y galardonada como investigadora altamente citada por Clarivate Analytics en 2018 y 2021, es reconocida en Grecia y en el extranjero, culminando con la condecoraci\u00f3n de la Cruz de Oro de Honor por su trabajo en medicina preventiva y nutrici\u00f3n por parte del presidente de la Rep\u00fablica Griega.<\/p>\n[\/vc_column_text][\/vc_column][\/vc_row]\n","protected":false},"excerpt":{"rendered":"<p>[vc_row type=&#8221;in_container&#8221; full_screen_row_position=&#8221;middle&#8221; scene_position=&#8221;center&#8221; text_color=&#8221;dark&#8221; text_align=&#8221;left&#8221; overlay_strength=&#8221;0.3&#8243; shape_divider_position=&#8221;bottom&#8221; bg_image_animation=&#8221;none&#8221;][vc_column column_padding=&#8221;no-extra-padding&#8221; column_padding_position=&#8221;all&#8221; background_color_opacity=&#8221;1&#8243; background_hover_color_opacity=&#8221;1&#8243; column_link_target=&#8221;_self&#8221; column_shadow=&#8221;none&#8221; column_border_radius=&#8221;none&#8221; width=&#8221;1\/4&#8243; tablet_width_inherit=&#8221;default&#8221; tablet_text_alignment=&#8221;default&#8221; phone_text_alignment=&#8221;default&#8221; column_border_width=&#8221;none&#8221; column_border_style=&#8221;solid&#8221; bg_image_animation=&#8221;none&#8221;][\/vc_column][vc_column column_padding=&#8221;no-extra-padding&#8221; column_padding_position=&#8221;all&#8221; background_color_opacity=&#8221;1&#8243; background_hover_color_opacity=&#8221;1&#8243; column_link_target=&#8221;_self&#8221; column_shadow=&#8221;none&#8221; column_border_radius=&#8221;none&#8221;&#8230;<\/p>\n","protected":false},"author":9192195,"featured_media":0,"parent":15376,"menu_order":0,"comment_status":"closed","ping_status":"closed","template":"","meta":[],"_links":{"self":[{"href":"https:\/\/congresodietamediterranea.com\/en\/wp-json\/wp\/v2\/pages\/16357\/"}],"collection":[{"href":"https:\/\/congresodietamediterranea.com\/en\/wp-json\/wp\/v2\/pages\/"}],"about":[{"href":"https:\/\/congresodietamediterranea.com\/en\/wp-json\/wp\/v2\/types\/page\/"}],"author":[{"embeddable":true,"href":"https:\/\/congresodietamediterranea.com\/en\/wp-json\/wp\/v2\/users\/9192195\/"}],"replies":[{"embeddable":true,"href":"https:\/\/congresodietamediterranea.com\/en\/wp-json\/wp\/v2\/comments\/?post=16357"}],"version-history":[{"count":0,"href":"https:\/\/congresodietamediterranea.com\/en\/wp-json\/wp\/v2\/pages\/16357\/revisions\/"}],"up":[{"embeddable":true,"href":"https:\/\/congresodietamediterranea.com\/en\/wp-json\/wp\/v2\/pages\/15376\/"}],"wp:attachment":[{"href":"https:\/\/congresodietamediterranea.com\/en\/wp-json\/wp\/v2\/media\/?parent=16357"}],"curies":[{"name":"wp","href":"https:\/\/api.w.org\/{rel}","templated":true}]}}